{"id":475,"date":"2012-12-29T19:20:35","date_gmt":"2012-12-29T18:20:35","guid":{"rendered":"https:\/\/wp.capi-consulting.de\/referenzen\/"},"modified":"2025-01-28T11:48:17","modified_gmt":"2025-01-28T10:48:17","slug":"references","status":"publish","type":"page","link":"https:\/\/capi-consulting.de\/en\/references\/","title":{"rendered":"References"},"content":{"rendered":"<div class=\"fusion-fullwidth fullwidth-box fusion-builder-row-1 fusion-flex-container nonhundred-percent-fullwidth non-hundred-percent-height-scrolling\" style=\"--awb-border-radius-top-left:0px;--awb-border-radius-top-right:0px;--awb-border-radius-bottom-right:0px;--awb-border-radius-bottom-left:0px;--awb-flex-wrap:wrap;\" ><div class=\"fusion-builder-row fusion-row fusion-flex-align-items-flex-start fusion-flex-content-wrap\" style=\"max-width:1040px;margin-left: calc(-4% \/ 2 );margin-right: calc(-4% \/ 2 );\"><div class=\"fusion-layout-column fusion_builder_column fusion-builder-column-0 fusion_builder_column_1_1 1_1 fusion-flex-column\" style=\"--awb-bg-blend:overlay;--awb-bg-size:cover;--awb-width-large:100%;--awb-margin-top-large:0px;--awb-spacing-right-large:1.92%;--awb-margin-bottom-large:0px;--awb-spacing-left-large:1.92%;--awb-width-medium:100%;--awb-spacing-right-medium:1.92%;--awb-spacing-left-medium:1.92%;--awb-width-small:100%;--awb-spacing-right-small:1.92%;--awb-spacing-left-small:1.92%;\"><div class=\"fusion-column-wrapper fusion-flex-justify-content-flex-start fusion-content-layout-column\"><div class=\"fusion-title title fusion-title-1 fusion-sep-none fusion-title-center fusion-title-text fusion-title-size-one\"><h1 class=\"fusion-title-heading title-heading-center\" style=\"margin:0;\">References<\/h1><\/div><div class=\"fusion-image-element \" style=\"text-align:center;--awb-margin-bottom:30px;--awb-caption-title-font-family:var(--h2_typography-font-family);--awb-caption-title-font-weight:var(--h2_typography-font-weight);--awb-caption-title-font-style:var(--h2_typography-font-style);--awb-caption-title-size:var(--h2_typography-font-size);--awb-caption-title-transform:var(--h2_typography-text-transform);--awb-caption-title-line-height:var(--h2_typography-line-height);--awb-caption-title-letter-spacing:var(--h2_typography-letter-spacing);\"><span class=\" fusion-imageframe imageframe-none imageframe-1 hover-type-none\"><img decoding=\"async\" width=\"1000\" height=\"668\" alt=\"Maike Kl\u00fcwer Referenzen\" title=\"AdobeStock_567038909_Preview\" src=\"https:\/\/capi-consulting.de\/wp-content\/uploads\/2025\/01\/Referenzen.jpg\" class=\"img-responsive wp-image-351\"\/><\/span><\/div><div class=\"fusion-title title fusion-title-2 fusion-sep-none fusion-title-text fusion-title-size-two\" style=\"--awb-margin-top:15px;--awb-font-size:1.5em;\"><h2 class=\"fusion-title-heading title-heading-left\" style=\"margin:0;font-size:1em;\">Customer testimonials (extract)<\/h2><\/div><div class=\"fusion-testimonials classic awb-speech-bubble-show fusion-testimonials-1\" style=\"--awb-name-company-text-color:var(--awb-color5);--awb-textcolor:var(--awb-color5);--awb-backgroundcolor:var(--awb-color2);--awb-testimonial-border-style:solid;--awb-testimonial-border-color:var(--awb-color3);--awb-navigation-size:12px;--awb-border-top-left-radius:0px;--awb-border-top-right-radius:0px;--awb-border-bottom-left-radius:0px;--awb-border-bottom-right-radius:0px;--testimonial-border-width-top:0px;--testimonial-border-width-right:0px;--testimonial-border-width-bottom:0px;--testimonial-border-width-left:0px;\" data-random=\"0\" data-speed=\"0\"><div class=\"reviews\"><div class=\"review active-testimonial alignment-left male\"><blockquote><div class=\"awb-quote\"><div class=\"awb-quote-content\">\n<p>I would like to express my sincere gratitude to you. You never failed to raise issues and concerns that most of us overlooked. Your communication was always straightforward, but you never stopped there. You always put in the extra effort and always went the extra mile to get things done. Training and change management would not be where they are today without your effort.<\/p>\n<\/div><\/div><span class=\"awb-triangle\"><\/span><\/blockquote><div class=\"author\"><span class=\"testimonial-thumbnail doe\"><\/span><span class=\"company-name\"><strong>Project Manager<\/strong><span>, <\/span><span>Wholesale<\/span><\/span><\/div><\/div><div class=\"review alignment-left male\"><blockquote><div class=\"awb-quote\"><div class=\"awb-quote-content\">\n<p>Vielen lieben Dank f\u00fcr deine Unterst\u00fctzung quer durch das Projekt. Mir hat die Zusammenarbeit immer viel Spa\u00df gemacht.<\/p>\n<\/div><\/div><span class=\"awb-triangle\"><\/span><\/blockquote><div class=\"author\"><span class=\"testimonial-thumbnail doe\"><\/span><span class=\"company-name\"><strong>Head of Strategic Sourcing<\/strong><span>, <\/span><span>Wholesale<\/span><\/span><\/div><\/div><div class=\"review alignment-left male\"><blockquote><div class=\"awb-quote\"><div class=\"awb-quote-content\">\n<p>Ganz lieben Dank f\u00fcr deinen super Support, deine Hartn\u00e4ckigkeit und deine Nerven, auch wenn wir das eine oder andere Mal unterschiedlicher Meinung waren. Aber genau das brauchen wir in solchen Projekten. Alles Gute f\u00fcr deine Zukunft \u2013 und beim n\u00e4chsten Projekt bist du sicher wieder dabei.<\/p>\n<\/div><\/div><span class=\"awb-triangle\"><\/span><\/blockquote><div class=\"author\"><span class=\"testimonial-thumbnail doe\"><\/span><span class=\"company-name\"><strong>Head of Treasury<\/strong><span>, <\/span><span>Wholesale<\/span><\/span><\/div><\/div><div class=\"review alignment-left male\"><blockquote><div class=\"awb-quote\"><div class=\"awb-quote-content\">\n<p>Herzlichen Dank f\u00fcr deine charmante, konstruktive Art und dass du stets ein offenes Ohrt hattest. Es hat mir sehr viel Spa\u00df gemacht, mit dir zu arbeiten. Alles Gute f\u00fcr dich und hoffentlich bis bald.<\/p>\n<\/div><\/div><span class=\"awb-triangle\"><\/span><\/blockquote><div class=\"author\"><span class=\"testimonial-thumbnail doe\"><\/span><span class=\"company-name\"><strong>Senior Project Manager for Strategy and Transformation<\/strong><span>, <\/span><span>Wholesale<\/span><\/span><\/div><\/div><div class=\"review alignment-left male\"><blockquote><div class=\"awb-quote\"><div class=\"awb-quote-content\">\n<p>Es war wichtig, was du angesto\u00dfen hast und das Projekt w\u00e4re sonst nicht so weit gekommen.<\/p>\n<\/div><\/div><span class=\"awb-triangle\"><\/span><\/blockquote><div class=\"author\"><span class=\"testimonial-thumbnail doe\"><\/span><span class=\"company-name\"><strong>Streamlead R&amp;A<\/strong><span>, <\/span><span>Wholesale<\/span><\/span><\/div><\/div><div class=\"review alignment-left male\"><blockquote><div class=\"awb-quote\"><div class=\"awb-quote-content\">\n<p>Vielen lieben Dank f\u00fcr die tolle Unterst\u00fctzung. Du hast einen Bombenjob gemacht. Ich freue mich, mit dir in Kontakt zu bleiben und w\u00fcnsche dir weiterhin alles Gute und viel Erfolg.<\/p>\n<\/div><\/div><span class=\"awb-triangle\"><\/span><\/blockquote><div class=\"author\"><span class=\"testimonial-thumbnail doe\"><\/span><span class=\"company-name\"><strong>Head of People Development<\/strong><span>, <\/span><span>Wholesale<\/span><\/span><\/div><\/div><div class=\"review alignment-left male\"><blockquote><div class=\"awb-quote\"><div class=\"awb-quote-content\">\n<p>Ich m\u00f6chte es nicht vers\u00e4umen, mich bei dir f\u00fcr deinen unerm\u00fcdlichen Einsatz im und f\u00fcr das Projekt zu bedanken. Mit deinem Engagement, deiner Zuverl\u00e4ssigkeit und deiner Hartn\u00e4ckigkeit warst du ein wesentlicher Motor des Projektes. Das war nicht immer leicht, da die Change Management Aufgaben im Stream h\u00e4ufig vernachl\u00e4ssigt wurden und daher von dir immer wieder angemahnt werden mussten. Beeindruckt hat mich insbesondere, wie du es geschafft hast, die Key User Community zusammen und motiviert zu halten. Dabei hast du auch ein gutes Gesp\u00fcr f\u00fcr die Stimmungen im Team, bei den F\u00fchrungskr\u00e4ften und den Stakeholdern bewiesen. Nicht nur deswegen habe ich den Austausch mit dir, der von gro\u00dfer Offenheit und der notwendigen Direktheit gepr\u00e4gt war, immer als sehr bereichernd empfunden.<\/p>\n<\/div><\/div><span class=\"awb-triangle\"><\/span><\/blockquote><div class=\"author\"><span class=\"testimonial-thumbnail doe\"><\/span><span class=\"company-name\"><strong>Head of Financial Transformation<\/strong><span>, <\/span><span>Wholesale<\/span><\/span><\/div><\/div><div class=\"review alignment-left male\"><blockquote><div class=\"awb-quote\"><div class=\"awb-quote-content\">\n<p>Du hast durch deine pers\u00f6nliche Einstellung die T\u00fcr zum Change ge\u00f6ffnet. Besonders erw\u00e4hnenswert und bisher einzigartig war deine direkte Unterst\u00fctzung der Teilprojektleiter. Ich konnte dir vertrauen und offen sprechen und du hast uns im Gegenzug ehrlich Feedback gegeben, so dass sich unser Verh\u00e4ltnis zu unseren Vorgesetzten wirklich nachhaltig verbessert hat. Dies ist dein Verdienst! Dich zeichnete deine fachliche Kompetenz absolut aus. Einzigartig wird deine Mitarbeit aber durch deine menschlichen F\u00e4higkeiten, Dinge zu erkennen, zu analysieren und sinnvoll zu l\u00f6sen. Es zeigt sich immer wieder bei guten Ergebnissen, dass Fachkunde erlernbar ist, Werte aber nicht.<\/p>\n<\/div><\/div><span class=\"awb-triangle\"><\/span><\/blockquote><div class=\"author\"><span class=\"testimonial-thumbnail doe\"><\/span><span class=\"company-name\"><strong>Operations engineer and sub-project manager<\/strong><span>, <\/span><span>transport company<\/span><\/span><\/div><\/div><div class=\"review alignment-left male\"><blockquote><div class=\"awb-quote\"><div class=\"awb-quote-content\">\n<p>Ich wollte mich bei dir noch einmal pers\u00f6nlich f\u00fcr deinen Einsatz bei uns bedanken. Mit dir gemeinsam sind wir so stark gewachsen. Das meine ich im w\u00f6rtlichen Sinne der Projektgr\u00f6\u00dfe, wo du bei den Onboardings, strukturierten Schulungen, Betriebsratsthemen unterst\u00fctzt hast, so dass wir nun fast 200 Kollegen an Bord begr\u00fc\u00dfen konnten. Das meine ich aber auch im \u00fcbertragenen Sinne. Mit den richtigen Impulsen zum richtigen Zeitpunkt ist unser Projektteam auch im Sinne der Werte und Normen gewachsen und hat neue Tools in der Hand, um unsere gro\u00dfe Herausforderung zu meistern. Dankbar bin ich dir insbesondere daf\u00fcr, dass du nie ein Blatt vor den Mund genommen hast. Du hattest immer ein Ohr an der Schiene und hast uns aus dem Projektmanagement-Team einen guten Blick \u00fcber die Situation geschaffen \u2013 auch wenn die Botschaften nicht immer Gute waren. Erst dadurch wurden uns einige Baustellen bekannt, die wir dann gemeinsam mit dir angehen konnten. Mir pers\u00f6nlich wird der regelm\u00e4\u00dfige Telefonkontakt mit dir fehlen, in dem wir uns offen \u00fcber Probleme im Projekt ausgetauscht haben. Die Mischung aus einem guten Au\u00dfen- wie Innenblick hat mir pers\u00f6nlich viel geholfen.<\/p>\n<\/div><\/div><span class=\"awb-triangle\"><\/span><\/blockquote><div class=\"author\"><span class=\"testimonial-thumbnail doe\"><\/span><span class=\"company-name\"><strong>Head of systems development<\/strong><span>, <\/span><span>transport company<\/span><\/span><\/div><\/div><div class=\"review alignment-left male\"><blockquote><div class=\"awb-quote\"><div class=\"awb-quote-content\">\n<p>Du hast zu Anfang mit allen Teilprojektleitern ein pers\u00f6nliches Gespr\u00e4ch gef\u00fchrt und dir dadurch sehr schnell ein umfangreiches Bild \u00fcber die aktuelle Situation im Projekt gemacht. Dadurch konntest du sehr zielgerichtet und effektive deine Expertise einbringen. Du bist immer ansprechbar und stehst bei Problemen mit Rat und Tat zur Seite. Ich habe dich als eine sehr sympathische und angenehme Person kennengelernt, die mit ihrer empathischen und pers\u00f6nlichen Art sehr schnell das Vertrauen gewinnt und dadurch eine gute Gespr\u00e4chsbasis herstellt. Deine Ratschl\u00e4ge und Tipps in Bezug auf Kommunikation und insbesondere im Hinblick auf die anstehenden Gespr\u00e4che haben meinem Team und mir sehr geholfen und geben uns das Gef\u00fchl, gut vorbereitet zu sein. Dein Arbeitseinsatz und pers\u00f6nliches Engagement f\u00fcr das Projekt und die Teilprojektleiter verdient ein besonderes Lob. Die Zusammenarbeit mit dir war immer von gro\u00dfer Professionalit\u00e4t und Leidenschaft gepr\u00e4gt.<\/p>\n<\/div><\/div><span class=\"awb-triangle\"><\/span><\/blockquote><div class=\"author\"><span class=\"testimonial-thumbnail doe\"><\/span><span class=\"company-name\"><strong>Sub-project manager<\/strong><span>, <\/span><span>transport company<\/span><\/span><\/div><\/div><div class=\"review alignment-left male\"><blockquote><div class=\"awb-quote\"><div class=\"awb-quote-content\">\n<p>I wanted to take this opportunity to thank you for your contribution to the team since you joined us in May last year. What you have achieved in terms of establishing best practice in our program management on the integration space has been incredibly valuable. We have gone from being worst in class to best in class in terms of our JIRA management and we are always complete and on time in terms of our program reporting. Not least the updates and transparency that you have provided to me personally has always enabled me to walk into all senior management meetings feeling prepared and fully equipped to represent our value stream. I appreciate that you have had to at times challenge my team as well as nurture and coach them on the importance of these tasks, and I believe your efforts have instilled a great sense of discipline. What you have done has exceeded my expectations and your contribution will be sorely missed. Thank you for all that you have done and the way in which you set about it. Best wishes for your next assignment, they are very lucky to have you.<\/p>\n<\/div><\/div><span class=\"awb-triangle\"><\/span><\/blockquote><div class=\"author\"><span class=\"testimonial-thumbnail doe\"><\/span><span class=\"company-name\"><strong>Director<\/strong><span>, <\/span><span>banking company<\/span><\/span><\/div><\/div><div class=\"review alignment-left male\"><blockquote><div class=\"awb-quote\"><div class=\"awb-quote-content\">\n<p>Great job you delivered on this tough and very challenging project. It was and still is not an easy one. Many things I would have made differently, if I had been assigned on it significantly earlier. I shared majority of your concerns and would have wished things would had done and setup differently, but I do believe that we did deliver outstanding results. Thanks again for your dedication, proactivity and great contribution to the overall success.<\/p>\n<\/div><\/div><span class=\"awb-triangle\"><\/span><\/blockquote><div class=\"author\"><span class=\"testimonial-thumbnail doe\"><\/span><span class=\"company-name\"><strong>Project manager<\/strong><span>, <\/span><span>pharmaceutical company<\/span><\/span><\/div><\/div><div class=\"review alignment-left male\"><blockquote><div class=\"awb-quote\"><div class=\"awb-quote-content\">\n<p>It was a pleasure working with you. Sad to see you leave. Your combination of positivism, humour and \u2013 last but not least at all \u2013 great professionalism gave us the right spirit to continue even in more difficult times.<\/p>\n<\/div><\/div><span class=\"awb-triangle\"><\/span><\/blockquote><div class=\"author\"><span class=\"testimonial-thumbnail doe\"><\/span><span class=\"company-name\"><strong>Team leader<\/strong><span>, <\/span><span>pharmaceutical company<\/span><\/span><\/div><\/div><\/div><\/div><div class=\"fusion-text fusion-text-1\" style=\"--awb-margin-top:40px;\"><p><a href=\"https:\/\/capi-consulting.de\/en\/contact\/\">Request the detailed descriptions of the change projects and transformations!<\/a><\/p>\n<\/div><\/div><\/div><\/div><\/div>\n","protected":false},"excerpt":{"rendered":"","protected":false},"author":3,"featured_media":0,"parent":0,"menu_order":28,"comment_status":"closed","ping_status":"closed","template":"100-width.php","meta":{"footnotes":""},"class_list":["post-475","page","type-page","status-publish","hentry"],"aioseo_notices":[],"_links":{"self":[{"href":"https:\/\/capi-consulting.de\/en\/wp-json\/wp\/v2\/pages\/475","targetHints":{"allow":["GET"]}}],"collection":[{"href":"https:\/\/capi-consulting.de\/en\/wp-json\/wp\/v2\/pages"}],"about":[{"href":"https:\/\/capi-consulting.de\/en\/wp-json\/wp\/v2\/types\/page"}],"author":[{"embeddable":true,"href":"https:\/\/capi-consulting.de\/en\/wp-json\/wp\/v2\/users\/3"}],"replies":[{"embeddable":true,"href":"https:\/\/capi-consulting.de\/en\/wp-json\/wp\/v2\/comments?post=475"}],"version-history":[{"count":7,"href":"https:\/\/capi-consulting.de\/en\/wp-json\/wp\/v2\/pages\/475\/revisions"}],"predecessor-version":[{"id":696,"href":"https:\/\/capi-consulting.de\/en\/wp-json\/wp\/v2\/pages\/475\/revisions\/696"}],"wp:attachment":[{"href":"https:\/\/capi-consulting.de\/en\/wp-json\/wp\/v2\/media?parent=475"}],"curies":[{"name":"wp","href":"https:\/\/api.w.org\/{rel}","templated":true}]}}