{"id":465,"date":"2021-12-20T17:08:41","date_gmt":"2021-12-20T16:08:41","guid":{"rendered":"https:\/\/wp.capi-consulting.de\/datenschutzerklaerung\/"},"modified":"2025-01-28T13:40:02","modified_gmt":"2025-01-28T12:40:02","slug":"fortrolighedspolitik","status":"publish","type":"page","link":"https:\/\/capi-consulting.de\/da\/fortrolighedspolitik\/","title":{"rendered":"Fortrolighedspolitik"},"content":{"rendered":"<div class=\"fusion-fullwidth fullwidth-box fusion-builder-row-1 fusion-flex-container nonhundred-percent-fullwidth non-hundred-percent-height-scrolling\" style=\"--awb-border-radius-top-left:0px;--awb-border-radius-top-right:0px;--awb-border-radius-bottom-right:0px;--awb-border-radius-bottom-left:0px;--awb-flex-wrap:wrap;\" ><div class=\"fusion-builder-row fusion-row fusion-flex-align-items-flex-start fusion-flex-content-wrap\" style=\"max-width:1040px;margin-left: calc(-4% \/ 2 );margin-right: calc(-4% \/ 2 );\"><div class=\"fusion-layout-column fusion_builder_column fusion-builder-column-0 fusion_builder_column_1_1 1_1 fusion-flex-column\" style=\"--awb-bg-blend:overlay;--awb-bg-size:cover;--awb-width-large:100%;--awb-margin-top-large:0px;--awb-spacing-right-large:1.92%;--awb-margin-bottom-large:0px;--awb-spacing-left-large:1.92%;--awb-width-medium:100%;--awb-spacing-right-medium:1.92%;--awb-spacing-left-medium:1.92%;--awb-width-small:100%;--awb-spacing-right-small:1.92%;--awb-spacing-left-small:1.92%;\"><div class=\"fusion-column-wrapper fusion-flex-justify-content-flex-start fusion-content-layout-column\"><div class=\"fusion-image-element \" style=\"text-align:center;--awb-caption-title-font-family:var(--h2_typography-font-family);--awb-caption-title-font-weight:var(--h2_typography-font-weight);--awb-caption-title-font-style:var(--h2_typography-font-style);--awb-caption-title-size:var(--h2_typography-font-size);--awb-caption-title-transform:var(--h2_typography-text-transform);--awb-caption-title-line-height:var(--h2_typography-line-height);--awb-caption-title-letter-spacing:var(--h2_typography-letter-spacing);\"><span class=\" fusion-imageframe imageframe-none imageframe-1 hover-type-none\"><img decoding=\"async\" width=\"1000\" height=\"333\" title=\"ParagraphZeichen\" src=\"https:\/\/capi-consulting.de\/wp-content\/uploads\/2025\/01\/ParagraphZeichen.jpg\" alt class=\"img-responsive wp-image-466\" srcset=\"https:\/\/capi-consulting.de\/wp-content\/uploads\/2025\/01\/ParagraphZeichen-200x67.jpg 200w, https:\/\/capi-consulting.de\/wp-content\/uploads\/2025\/01\/ParagraphZeichen-400x133.jpg 400w, https:\/\/capi-consulting.de\/wp-content\/uploads\/2025\/01\/ParagraphZeichen-600x200.jpg 600w, https:\/\/capi-consulting.de\/wp-content\/uploads\/2025\/01\/ParagraphZeichen-800x266.jpg 800w, https:\/\/capi-consulting.de\/wp-content\/uploads\/2025\/01\/ParagraphZeichen.jpg 1000w\" sizes=\"(max-width: 640px) 100vw, 1000px\" \/><\/span><\/div><div class=\"fusion-text fusion-text-1\"><h1>Et overblik over databeskyttelse<\/h1>\n<p><strong>Generelle oplysninger<\/strong><\/p>\n<p>F\u00f8lgende oplysninger giver et enkelt overblik over, hvad der sker med dine personlige data, n\u00e5r du bes\u00f8ger dette websted. Personlige data er alle data, der kan bruges til at identificere dig personligt. Detaljerede oplysninger om emnet databeskyttelse kan findes i databeskyttelseserkl\u00e6ringen, der er anf\u00f8rt under denne tekst.<\/p>\n<ol>\n<li><strong>Dataindsamling p\u00e5 dette websted<\/strong><\/li>\n<\/ol>\n<p><strong>Hvem er ansvarlig for dataindsamlingen p\u00e5 dette websted?<\/strong><\/p>\n<p>Databehandling p\u00e5 dette websted udf\u00f8res af webstedets operat\u00f8r. Du kan finde deres kontaktoplysninger i afsnittet \u00bbOplysninger om den dataansvarlige\u00ab i denne privatlivspolitik.<\/p>\n<p><strong>Hvordan indsamler vi dine data?<\/strong><\/p>\n<p>P\u00e5 den ene side indsamles dine data, n\u00e5r du giver dem til os. Det kan f.eks. v\u00e6re data, som du sender til os via e-mail.<\/p>\n<p>Andre data indsamles automatisk eller med dit samtykke af vores IT-systemer, n\u00e5r du bes\u00f8ger hjemmesiden. Dette er prim\u00e6rt tekniske data (f.eks. internetbrowser, operativsystem eller tidspunkt for sidevisning). Disse data indsamles automatisk, s\u00e5 snart du g\u00e5r ind p\u00e5 denne hjemmeside.<\/p>\n<p><strong>Hvad bruger vi dine data til?<\/strong><\/p>\n<p>Nogle af dataene indsamles for at sikre, at webstedet leveres uden fejl. Andre data kan bruges til at analysere din brugeradf\u00e6rd.<\/p>\n<p><strong>Hvilke rettigheder har du i forhold til dine data?<\/strong><\/p>\n<p>Du har til enhver tid ret til gratis at modtage oplysninger om oprindelsen, modtageren og form\u00e5let med dine lagrede personoplysninger. Du har ogs\u00e5 ret til at anmode om rettelse eller sletning af disse data. Hvis du har givet dit samtykke til databehandling, kan du til enhver tid tilbagekalde dette samtykke for fremtiden. Du har ogs\u00e5 ret til at anmode om begr\u00e6nsning af behandlingen af dine personoplysninger under visse omst\u00e6ndigheder. Du har ogs\u00e5 ret til at indgive en klage til den kompetente tilsynsmyndighed.<\/p>\n<p>Du kan til enhver tid kontakte os vedr\u00f8rende dette og andre sp\u00f8rgsm\u00e5l om databeskyttelse.<\/p>\n<ol start=\"2\">\n<li><strong>Hosting<\/strong><\/li>\n<\/ol>\n<p><strong>Ekstern hosting<\/strong><\/p>\n<p>Dette websted hostes af en ekstern tjenesteudbyder (hoster). De personlige data, der indsamles p\u00e5 dette websted, gemmes p\u00e5 hosterens servere. Dette kan omfatte IP-adresser, kontaktanmodninger, meta- og kommunikationsdata, kontraktdata, kontaktoplysninger, navne, hjemmesideadgang og andre data, der genereres via en hjemmeside.<\/p>\n<p>Hosteren bruges med henblik p\u00e5 at opfylde kontrakten med vores potentielle og eksisterende kunder (art. 6, stk. 1, litra b, i GDPR) og af hensyn til en sikker, hurtig og effektiv levering af vores onlinetilbud af en professionel udbyder (art. 6, stk. 1, litra f, i GDPR).<\/p>\n<p>Vores hoster behandler kun dine data i det omfang, der er n\u00f8dvendigt for at opfylde pr\u00e6stationsforpligtelser og f\u00f8lge vores instruktioner med hensyn til disse data.<\/p>\n<p>Vi bruger f\u00f8lgende hoster:<\/p>\n<p>Alfahosting GmbH<\/p>\n<p>Ankerstra\u00dfe 3b<\/p>\n<p>06108 Halle<\/p>\n<p><strong>Behandling af ordrer<\/strong><\/p>\n<p>Vi har indg\u00e5et en ordrebehandlingskontrakt (AVV) med ovenn\u00e6vnte udbyder. Dette er en kontrakt, der er foreskrevet i databeskyttelsesloven, som sikrer, at udbyderen kun behandler personoplysninger om vores bes\u00f8gende p\u00e5 webstedet i overensstemmelse med vores instruktioner og i overensstemmelse med GDPR.<\/p>\n<ol start=\"3\">\n<li><strong>Generelle bem\u00e6rkninger og obligatoriske oplysninger<\/strong><\/li>\n<\/ol>\n<p><strong>Beskyttelse af personoplysninger<\/strong><\/p>\n<p>Operat\u00f8rerne af dette websted tager beskyttelsen af dine personlige data meget alvorligt. Vi behandler dine personoplysninger fortroligt og i overensstemmelse med de lovbestemte databeskyttelsesbestemmelser og denne privatlivspolitik.<\/p>\n<p>N\u00e5r du bruger dette websted, indsamles forskellige personoplysninger. Personlige data er data, der kan bruges til at identificere dig personligt. Denne privatlivspolitik forklarer, hvilke data vi indsamler, og hvad vi bruger dem til. Den forklarer ogs\u00e5, hvordan og til hvilket form\u00e5l dette sker.<\/p>\n<p>Vi vil gerne g\u00f8re opm\u00e6rksom p\u00e5, at dataoverf\u00f8rsel via internet (f.eks. ved kommunikation via e-mail) kan v\u00e6re forbundet med sikkerhedsproblemer. Fuldst\u00e6ndig beskyttelse af data mod adgang fra tredjeparter er ikke mulig.<\/p>\n<p><strong>Bem\u00e6rkning om det ansvarlige organ<\/strong><\/p>\n<p>Den dataansvarlige for databehandlingen p\u00e5 dette websted er<\/p>\n<p>Maike Kl\u00fcwer<\/p>\n<p>Tremsb\u00fctteler Weg 98c<\/p>\n<p>22941 Bargteheide, Tyskland<\/p>\n<p>Telefon: +49 (0) 4532-27 67 853<\/p>\n<p>E<a href=\"mailto:info@capi-consulting.de\">-Mail:i<\/a>nfo@capi-consulting.de<\/p>\n<p>Den dataansvarlige er den fysiske eller juridiske person, der alene eller sammen med andre bestemmer form\u00e5lene med og midlerne til behandling af personoplysninger (f.eks. navne, e-mailadresser osv.).<\/p>\n<p><strong>Opbevaringsperiode<\/strong><\/p>\n<p>Medmindre der er angivet en mere specifik opbevaringsperiode i denne privatlivspolitik, vil dine personoplysninger forblive hos os, indtil form\u00e5let med behandlingen af oplysningerne ikke l\u00e6ngere g\u00e6lder. Hvis du frems\u00e6tter en berettiget anmodning om sletning eller tilbagekalder dit samtykke til databehandling, vil dine data blive slettet, medmindre vi har andre juridisk tilladte grunde til at opbevare dine personlige data (f.eks. opbevaringsperioder i henhold til skatte- eller handelslovgivning); i sidstn\u00e6vnte tilf\u00e6lde vil sletning finde sted, n\u00e5r disse grunde ikke l\u00e6ngere g\u00e6lder.<\/p>\n<p><strong>Bem\u00e6rkning om dataoverf\u00f8rsel til USA og andre tredjelande<\/strong><\/p>\n<p>Vi anvender bl.a. v\u00e6rkt\u00f8jer fra virksomheder i USA eller andre tredjelande, som ikke er sikre i henhold til databeskyttelsesloven. Hvis disse v\u00e6rkt\u00f8jer er aktive, kan dine personoplysninger overf\u00f8rs til disse tredjelande og blive behandlet der. Vi vil gerne henvise p\u00e5, at der ikke kan garanteres et databeskyttelsesniveau, der kan sammenlignes med det i EU, i disse lande. For eksempel er amerikanske virksomheder forpligtet til at udlevere personoplysninger til sikkerhedsmyndigheder, uden at du som registreret har mulighed til at forhindre det. Det kan derfor ikke udelukkes, at amerikanske myndigheder (f.eks. efterretningstjenester) kan behandle, analysere og permanent opbevare dine data p\u00e5 amerikanske servere til overv\u00e5gningsform\u00e5l. Vi har ingen indflydelse p\u00e5 disse ting.<\/p>\n<p><strong>Tilbagekaldelse af dit samtykke til databehandling<\/strong><\/p>\n<p>Mange databehandlingsoperationer er kun mulige med dit udtrykkelige samtykke. Du kan til enhver tid tr\u00e6kke et samtykke tilbage. Lovligheden af den databehandling, der er udf\u00f8rt indtil tilbagekaldelsen, forbliver up\u00e5virket af tilbagekaldelsen.<\/p>\n<p><strong>Ret til at g\u00f8re indsigelse mod dataindsamling i s\u00e6rlige tilf\u00e6lde og mod direkte reklame (art. 21 GDPR)<\/strong><\/p>\n<p>Hvis databehandlingen udf\u00f8res p\u00e5 grundlag af artikel 6, stk. 1, litra e eller f i GDPR, har du til enhver tid ret til en indsigelse mod behandlingen af dine personoplysninger af \u00e5rsager, der skyldes din s\u00e6rlige situation; dette g\u00e6lder ogs\u00e5 for profilering baseret p\u00e5 disse bestemmelser. Retsgrundlager, som behandlingen er baseret p\u00e5, kan findes i denne privatlivspolitik. Hvis du g\u00f8r indsigelse, behandler vi ikke l\u00e6ngere de p\u00e5g\u00e6ldende personoplysninger, medmindre vi kan p\u00e5vise tvingende legitime grunde til behandlingen, som g\u00e5r forud for dine interesser, rettigheder og friheder, eller behandlingen tjener til fastl\u00e6ggelse, ud\u00f8velse eller forsvar af retskrav (indsigelse i henhold til art. 21, stk. 1, i GDPR).<\/p>\n<p>Hvis dine personoplysninger behandles med henblik p\u00e5 direkte reklame, har du til enhver tid ret til en indsigelse mod behandlingen af personoplysninger om dig; dette g\u00e6lder ogs\u00e5 for profilering, s\u00e5 vidt det er forbundet med s\u00e5dan direkte markedsf\u00f8ring. Hvis du g\u00f8r indsigelse, vil dine personoplysninger ikke derefter l\u00e6ngere blive brugt til reklame (indsigelse i henhold til artikel 21, stk. 2, i GDPR).<\/p>\n<p><strong>Ret til at indgive en klage til den kompetente tilsynsmyndighed<\/strong><\/p>\n<p>I tilf\u00e6lde af overtr\u00e6delser af GDPR har de registrerede ret til at indgive en klage til en tilsynsmyndighed, is\u00e6r i den medlemsstat, hvor de har deres s\u00e6dvanlige opholdssted, arbejdssted eller det sted, hvor den p\u00e5st\u00e5ede overtr\u00e6delse fandt sted. Retten til at indgive en klage ber\u00f8rer ikke andre administrative eller retlige midler.<\/p>\n<p><strong>Ret til dataportabilitet<\/strong><\/p>\n<p>Du har ret til at f\u00e5 data, udleveret til dig eller til en tredjepart, som vi behandler automatisk p\u00e5 grundlag af dit samtykke eller til opfyldelse af en kontrakt, i et almindeligt anvendt, maskinl\u00e6sbart format. Hvis du anmoder om direkte overf\u00f8rsel af data til en anden dataansvarlig, vil dette kun finde sted, hvis det er teknisk muligt.<\/p>\n<p><strong>SSL- eller TLS-kryptering<\/strong><\/p>\n<p>Dette websted bruger SSL- eller TLS-kryptering af sikkerhedsgrunde \u00e5rsager og for at beskytte overf\u00f8rslen af fortroligt indhold, f.eks. ordrer eller foresp\u00f8rgsler, som du sender til os som webstedsoperat\u00f8r. Du kan genkende en krypteret forbindelse ved, at adresselinjen i browseren skifter fra \u00bbhttp:\/\/\u00ab til \u00bbhttps:\/\/\u00ab og ved l\u00e5sesymbolet i din browserlinje.<\/p>\n<p>Hvis SSL- eller TLS-kryptering er aktiveret, kan de data, du sender til os, ikke l\u00e6ses af tredjeparter.<\/p>\n<p><strong>Oplysninger, sletning og berigtigelse<\/strong><\/p>\n<p>Inden for rammerne af de g\u00e6ldende bestemmelser har du til enhver tid ret til gratis information om dine lagrede personlige data, deres oprindelse og modtager og form\u00e5let med databehandlingen og om n\u00f8dvendigt ret til korrektur eller sletning af disse data. Du kan til enhver tid kontakte os vedr\u00f8rende om persondata.<\/p>\n<p><strong>Ret til begr\u00e6nsning af behandling<\/strong><\/p>\n<p>Du har ret til at anmode om begr\u00e6nsning af behandlingen af dine personoplysninger. Du kan til enhver tid kontakte os. Retten til begr\u00e6nsning af behandling findes i f\u00f8lgende tilf\u00e6lde:<\/p>\n<ul>\n<li>Hvis du bestrider n\u00f8jagtigheden af dine personlige data, som vi har gemt, har vi i reglen brug for lidt tid for at kontrollere det. S\u00e5 l\u00e6nge unders\u00f8gelsen varer, har du ret til at anmode om, at behandlingen af dine personoplysninger begr\u00e6nses.<\/li>\n<li>Hvis behandlingen af dine persondata var\/er ulovlig, kan du anmode om begr\u00e6nsning af databehandlingen i stedet for sletning.<\/li>\n<li>Hvis vi ikke l\u00e6ngere har brug for dine personoplysninger, eller du har brug for dem til at ud\u00f8ve, forsvare eller g\u00f8re retskrav g\u00e6ldende, har du ret til at anmode om begr\u00e6nsning af behandlingen af dine personoplysninger i stedet for sletning.<\/li>\n<li>Hvis du har gjort indsigelse i henhold til artikel 21, stk. 1, i GDPR, skal der foretages en afvejning mellem dine og vore interesser. S\u00e5 l\u00e6nge det ikke er afgjort, hvis interesser der g\u00e5r forud, har du ret til at anmode om begr\u00e6nsning af behandlingen af dine personoplysninger.<\/li>\n<\/ul>\n<p>Hvis du har begr\u00e6nset behandlingen af dine personlige data, m\u00e5 disse data &#8211; bortset fra opbevaring &#8211; kun behandles med dit samtykke eller til etablering, ud\u00f8velse eller forsvar af juridiske krav eller til beskyttelse af en anden fysisk eller juridisk persons rettigheder eller af hensyn til vigtige offentlige interesser i den Europ\u00e6iske Union.<\/p>\n<ol start=\"4\">\n<li><strong>Dataindsamling p\u00e5 dette websted<\/strong><\/li>\n<\/ol>\n<p><strong>\u00a0<\/strong><\/p>\n<p><strong>Cookies<\/strong><\/p>\n<p>Cookies er sm\u00e5 tekstfiler, der lagres p\u00e5 din computer og gemmes af din browser. De g\u00f8r det muligt at analysere brugen af hjemmesiden.<\/p>\n<p>Der s\u00e6ttes ingen cookies via webapplikationen fra vores hostingudbyder Alfahosting GmbH.<\/p>\n<p><strong>Server-logfiler<\/strong><\/p>\n<p>Provideren af siderne indsamler og gemmer automatisk oplysninger i s\u00e5kaldte serverlogfiler, som din browser automatisk sender til os. Disse er<\/p>\n<ul>\n<li>Browsertype og browserversion<\/li>\n<li>Anvendt operativsystem<\/li>\n<li>Henvisende URL<\/li>\n<li>Host navn p\u00e5 den computer, der f\u00e5r adgang<\/li>\n<li>Tidspunkt for serverforesp\u00f8rgslen<\/li>\n<li>IP-adresse<\/li>\n<\/ul>\n<p>Disse data sammenl\u00e6gges ikke med andre datakilder.<\/p>\n<p>Disse data indsamles p\u00e5 grundlag af art. 6 stk. 1 lit. f GDPR. Webstedsoperat\u00f8ren har en legitim interesse i en teknisk fejlfri pr\u00e6sentation og optimering af sit websted &#8211; serverlogfilerne skal registreres til dette form\u00e5l.<\/p>\n<p><strong>Foresp\u00f8rgsel per e-mail, telefon eller fax<\/strong><\/p>\n<p>Hvis du kontakter os via e-mail, telefon eller fax, vil din foresp\u00f8rgsel inklusive alle personoplysninger (navn, foresp\u00f8rgsel) blive gemt og behandlet af os med henblik p\u00e5 at behandle din anmodning. Vi videregiver ikke disse data uden dit samtykke.<\/p>\n<p>Disse data behandles p\u00e5 grundlag af artikel 6, stk. 1, litra b, i GDPR, hvis din foresp\u00f8rgsel er relateret til opfyldelsen af en kontrakt eller er n\u00f8dvendig for gennemf\u00f8relsen af foranstaltninger inden kontraktindg\u00e5elsen. I alle andre tilf\u00e6lde er behandlingen baseret p\u00e5 vores legitime interesse i en effektiv behandling af de henvendelser, der er rettet til os (art. 6, stk. 1, litra f i GDPR), eller p\u00e5 dit samtykke (art. 6, stk. 1, litra a i GDPR), hvis der er anmodet om det.<\/p>\n<p>De data, du sender til os via kontaktanmodninger, forbliver hos os, indtil du beder os om at slette dem, tilbagekalder dit samtykke til opbevaring, eller form\u00e5let med datalagring ikke l\u00e6ngere g\u00e6lder (f.eks. efter at din anmodning er blevet behandlet). Obligatoriske lovbestemmelser &#8211; is\u00e6r lovbestemte opbevaringsperioder &#8211; forbliver up\u00e5virket.<\/p>\n<ol start=\"5\">\n<li><strong>Plugins og v\u00e6rkt\u00f8jer<\/strong><\/li>\n<\/ol>\n<p><strong>\u00a0<\/strong><\/p>\n<p><strong>Google Web Fonts<\/strong><\/p>\n<p>Dette websted bruger s\u00e5kaldte webfonts fra Google til standardiseret visning af skrifttyper. N\u00e5r du \u00e5bner en side, indl\u00e6ser din browser de n\u00f8dvendige webfonts i din browsercache for at kunne vise tekster og skrifttyper korrekt.<\/p>\n<p>Til dette form\u00e5l skal den browser, du bruger, oprette forbindelse til Googles servere. Dette informerer Google om, at denne hjemmeside er blevet bes\u00f8gt via din IP-adresse. Brugen af Google Web Fonts er baseret p\u00e5 artikel 6, stk. 1, litra f i GDPR. Webstedsoperat\u00f8ren har en legitim interesse i den ensartede pr\u00e6sentation af skrifttypen p\u00e5 sit websted. Hvis der er anmodet om et tilsvarende samtykke (f.eks. samtykke til opbevaring af cookies), udf\u00f8res behandlingen udelukkende p\u00e5 grundlag af artikel 6, stk. 1, litra a, i GDPR; samtykket kan til enhver tid tilbagekaldes.<\/p>\n<p>Hvis din browser ikke underst\u00f8tter webfonts, har din computer brug for standardfont.<\/p>\n<p>Yderligere oplysninger om Google Web Fonts kan findes p\u00e5 <a href=\"https:\/\/developers.google.com\/fonts\/faq\">https:\/\/developers.google.com\/fonts\/faq<\/a> og i Googles privatlivspolitik:<a href=\"https:\/\/policies.google.com\/privacy?hl=de\">https:\/\/policies.google.com\/privacy?hl=de<\/a>.<\/p>\n<ol start=\"6\">\n<li><strong>Lyd- og videokonferencer<\/strong><\/li>\n<\/ol>\n<p><strong>\u00a0<\/strong><\/p>\n<p><strong>Behandling af data<\/strong><\/p>\n<p>Vi benytter bl.a. online-konferencev\u00e6rkt\u00f8jer til at kommunikation med vores kunder. De enkelte v\u00e6rkt\u00f8jer, vi bruger, er anf\u00f8rt nedenfor. Hvis du kommunikerer med os per video- eller lydkonference via internettet, indsamles og behandles dine personoplysninger af os og udbyderen som konferencev\u00e6rkt\u00f8j.<\/p>\n<p>Konferencev\u00e6rkt\u00f8jet indsamler alle de data, som du giver\/indtaster for at benytte v\u00e6rkt\u00f8jerne (e-mailadresse og\/eller dit telefonnummer). Konferencev\u00e6rkt\u00f8jerne indeholder ogs\u00e5 konferencens varighed, start og slut (tidspunkt) for deltagelsen i konferencen, antallet af deltagerne og andre \u00bbkontekstoplysninger\u00ab i forbindelse med kommunikationsprocessen (metadata).<\/p>\n<p>Desuden behandler tilbyderen af v\u00e6rkt\u00f8jet alle tekniske data, der er brug for i onlinekommunikation. Dette omfatter is\u00e6r IP-adresser, MAC-adresser, enheds-id&#8217;er, enhedstype, operativsystemtype og -version, klientversion, kameratype, mikrofon eller h\u00f8jttaler og forbindelsestype.<\/p>\n<p>Hvis der udveksles, uploades eller p\u00e5 anden m\u00e5de stilles indhold til r\u00e5dighed inden for v\u00e6rkt\u00f8jet, serveren gemmes dette ogs\u00e5 p\u00e5. S\u00e5dant indhold omfatter is\u00e6r cloud-optagelser, chat-\/instantbeskeder, voicemails, uploadede fotos og videoer, filer, whiteboards og andre oplysninger, der deles under brugen af tjenesten.<\/p>\n<p>Bem\u00e6rk, at vi ikke har fuld kontrol over databehandlingen i de anvendte v\u00e6rkt\u00f8jer. Vores muligheder bestemmes i h\u00f8j grad af den tilbyderens virksomhedspolitik. Yderligere oplysninger om databehandling i konferencev\u00e6rkt\u00f8jerne kan findes i den anvendte v\u00e6rkt\u00f8js privatlivspolitik, som vi har listet under denne tekst.<\/p>\n<p><strong>Form\u00e5l og retsgrundlag<\/strong><\/p>\n<p>Konferencev\u00e6rkt\u00f8jerne bruges til at kommunikere med potentielle eller eksisterende kontraktpartnere eller til at tilbyde visse tjenester til vores kunder (art. 6, stk. 1, litra b i GDPR). Desuden tjener brugen af v\u00e6rkt\u00f8jerne den generelle forenkling og fremskyndelse af kommunikationen med os eller vores virksomhed (legitim interesse i henhold til art. 6, stk. 1, litra f, i GDPR). Hvis der er anmodet om samtykke, anvendes de p\u00e5g\u00e6ldende v\u00e6rkt\u00f8jer p\u00e5 grundlag af dette samtykke; samtykket kan til enhver tid tr\u00e6kkes tilbage med virkning for fremtiden.<\/p>\n<p><strong>Varighed af opbevaring<\/strong><\/p>\n<p>De data, der indsamles direkte af os via video- og konferencev\u00e6rkt\u00f8jerne, slettes fra vores systemer, s\u00e5 snart du beder os om at slette dem, tilbagekalder dit samtykke til opbevaring eller form\u00e5let med datalagring ikke l\u00e6ngere er g\u00e6ldende. Lagrede cookies forbliver p\u00e5 din slutenhed, indtil du sletter dem. Obligatoriske lovbestemte opbevaringsperioder forbliver up\u00e5virkede.<\/p>\n<p>Vi har ingen indflydelse p\u00e5 opbevaringsperioden for dine data, der gemmes af operat\u00f8rerne af konferencev\u00e6rkt\u00f8jerne til deres egne form\u00e5l. For yderligere oplysninger bedes du kontakte operat\u00f8rerne af konferencev\u00e6rkt\u00f8jerne direkte.<\/p>\n<p><strong>Anvendte konferencev\u00e6rkt\u00f8jer<\/strong><\/p>\n<p>Vi bruger f\u00f8lgende konferencev\u00e6rkt\u00f8jer:<\/p>\n<p><strong>Zoom<\/strong><\/p>\n<p>Vi benytter Zoom. Tilbyderen af denne tjeneste er Zoom Communications Inc, San Jose, 55 Almaden Boulevard, 6th Floor, San Jose, CA 95113, USA. Detaljer om databehandling kan findes i Zooms privatlivspolitik: <a href=\"https:\/\/zoom.us\/de-de\/privacy.html\">https:\/\/zoom.us\/de-de\/privacy.html<\/a>.<\/p>\n<p>Dataoverf\u00f8rsel til USA er baseret p\u00e5 EU-Kommissionens standardkontraktbestemmelser. Du kan finde detaljer her: <a href=\"https:\/\/zoom.us\/de-de\/privacy.html\">https:\/\/zoom.us\/de-de\/privacy.html<\/a>.<\/p>\n<p><strong>MS Teams<\/strong><\/p>\n<p><strong>Google Meet<\/strong><\/p>\n<\/div><\/div><\/div><\/div><\/div>\n","protected":false},"excerpt":{"rendered":"","protected":false},"author":3,"featured_media":0,"parent":0,"menu_order":1,"comment_status":"closed","ping_status":"closed","template":"100-width.php","meta":{"footnotes":""},"class_list":["post-465","page","type-page","status-publish","hentry"],"aioseo_notices":[],"_links":{"self":[{"href":"https:\/\/capi-consulting.de\/da\/wp-json\/wp\/v2\/pages\/465","targetHints":{"allow":["GET"]}}],"collection":[{"href":"https:\/\/capi-consulting.de\/da\/wp-json\/wp\/v2\/pages"}],"about":[{"href":"https:\/\/capi-consulting.de\/da\/wp-json\/wp\/v2\/types\/page"}],"author":[{"embeddable":true,"href":"https:\/\/capi-consulting.de\/da\/wp-json\/wp\/v2\/users\/3"}],"replies":[{"embeddable":true,"href":"https:\/\/capi-consulting.de\/da\/wp-json\/wp\/v2\/comments?post=465"}],"version-history":[{"count":4,"href":"https:\/\/capi-consulting.de\/da\/wp-json\/wp\/v2\/pages\/465\/revisions"}],"predecessor-version":[{"id":716,"href":"https:\/\/capi-consulting.de\/da\/wp-json\/wp\/v2\/pages\/465\/revisions\/716"}],"wp:attachment":[{"href":"https:\/\/capi-consulting.de\/da\/wp-json\/wp\/v2\/media?parent=465"}],"curies":[{"name":"wp","href":"https:\/\/api.w.org\/{rel}","templated":true}]}}